{"id":51,"date":"2011-01-28T13:14:48","date_gmt":"2011-01-28T13:14:48","guid":{"rendered":"http:\/\/asipoland.pl\/\/?page_id=51"},"modified":"2014-02-18T12:05:16","modified_gmt":"2014-02-18T12:05:16","slug":"specjalizacje","status":"publish","type":"page","link":"https:\/\/asipoland.pl\/?page_id=51&amp;langswitch_lang=pl","title":{"rendered":"Specjalizacje"},"content":{"rendered":"<p><a href=\"http:\/\/asipoland.pl\/wp-content\/uploads\/2011\/01\/pic-7.jpg\"><img decoding=\"async\" loading=\"lazy\" class=\"alignright size-full wp-image-183\" title=\"pic-7\" src=\"http:\/\/asipoland.pl\/wp-content\/uploads\/2011\/01\/pic-7.jpg\" alt=\"\" width=\"185\" height=\"123\" \/><\/a>Nasze specjalizacje pokrywaj\u0105 si\u0119 z do\u015bwiadczeniami zdobytymi przez nasz ekspert\u00f3w w pracy w r\u00f3\u017cnych przedsi\u0119biorstwach. Do\u015bwiadczenia po\u0142\u0105czone z analizami powdro\u017ceniowymi daj\u0105 bibliotek\u0119 najlepszych praktyk. Przekazujemy je w czasie szkole\u0144, warsztat\u00f3w, konsultacji czy wsparciu przy wdro\u017ceniach. Dzi\u0119ki nam Klienci buduj\u0105 jeszcze wi\u0119ksz\u0105 warto\u015b\u0107 swoich Sp\u00f3\u0142ek. Udoskonalaj\u0105 swoje struktury zar\u00f3wno od strony zespo\u0142\u00f3w ludzkich, oferty, jak i infrastruktury technicznej.<\/p>\n<p>&nbsp;<\/p>\n","protected":false},"excerpt":{"rendered":"<p>Nasze specjalizacje pokrywaj\u0105 si\u0119 z do\u015bwiadczeniami zdobytymi przez nasz ekspert\u00f3w w pracy w r\u00f3\u017cnych przedsi\u0119biorstwach. Do\u015bwiadczenia po\u0142\u0105czone z analizami powdro\u017ceniowymi daj\u0105 bibliotek\u0119 najlepszych praktyk. Przekazujemy je w czasie szkole\u0144, warsztat\u00f3w, konsultacji czy wsparciu przy wdro\u017ceniach. Dzi\u0119ki nam Klienci buduj\u0105 jeszcze wi\u0119ksz\u0105 warto\u015b\u0107 swoich Sp\u00f3\u0142ek. Udoskonalaj\u0105 swoje struktury zar\u00f3wno od strony zespo\u0142\u00f3w ludzkich, oferty, jak i<a href=\"https:\/\/asipoland.pl\/?page_id=51&amp;langswitch_lang=pl\" class=\"read-more\">Continue Reading<\/a><\/p>\n","protected":false},"author":7,"featured_media":0,"parent":2,"menu_order":2,"comment_status":"closed","ping_status":"closed","template":"","meta":[],"_links":{"self":[{"href":"https:\/\/asipoland.pl\/index.php?rest_route=\/wp\/v2\/pages\/51"}],"collection":[{"href":"https:\/\/asipoland.pl\/index.php?rest_route=\/wp\/v2\/pages"}],"about":[{"href":"https:\/\/asipoland.pl\/index.php?rest_route=\/wp\/v2\/types\/page"}],"author":[{"embeddable":true,"href":"https:\/\/asipoland.pl\/index.php?rest_route=\/wp\/v2\/users\/7"}],"replies":[{"embeddable":true,"href":"https:\/\/asipoland.pl\/index.php?rest_route=%2Fwp%2Fv2%2Fcomments&post=51"}],"version-history":[{"count":26,"href":"https:\/\/asipoland.pl\/index.php?rest_route=\/wp\/v2\/pages\/51\/revisions"}],"predecessor-version":[{"id":1178,"href":"https:\/\/asipoland.pl\/index.php?rest_route=\/wp\/v2\/pages\/51\/revisions\/1178"}],"up":[{"embeddable":true,"href":"https:\/\/asipoland.pl\/index.php?rest_route=\/wp\/v2\/pages\/2"}],"wp:attachment":[{"href":"https:\/\/asipoland.pl\/index.php?rest_route=%2Fwp%2Fv2%2Fmedia&parent=51"}],"curies":[{"name":"wp","href":"https:\/\/api.w.org\/{rel}","templated":true}]}}