{"id":2,"date":"2011-01-26T08:02:30","date_gmt":"2011-01-26T08:02:30","guid":{"rendered":"http:\/\/asipoland.pl\/\/?page_id=2"},"modified":"2014-02-18T12:04:52","modified_gmt":"2014-02-18T12:04:52","slug":"o-nas","status":"publish","type":"page","link":"https:\/\/asipoland.pl\/?page_id=2&amp;langswitch_lang=pl","title":{"rendered":"O nas"},"content":{"rendered":"<p class=\"wrapper\">Advanced Solutions Institute Poland skupia zesp\u00f3\u0142 ludzi zwi\u0105zanych ze szkoleniami i doradztwem od ponad 10lat. Jeste\u015bmy ekspertami w wielu dziedzinach zar\u00f3wno w Polsce, jak i za granic\u0105. Pracujemy w gronie ludzi, kt\u00f3rzy prowadzili wsp\u00f3lnie z\u0142o\u017cone projekty w wielu Organizacjach.<\/p>\n<p>Na podstawie zdobytej wiedzy i do\u015bwiadcze\u0144 doradzamy naszym Klientom. Wsp\u00f3lnie budujemy rozwi\u0105zania, kt\u00f3re przyczyniaj\u0105 si\u0119 do wzrostu kompetencji zespo\u0142\u00f3w pracowniczych i wynik\u00f3w finansowych. Potwierdzeniem kwalifikacji naszego Zespo\u0142u jest szereg certyfikat\u00f3w i uko\u0144czonych uczelni wy\u017cszy w Polsce i za granic\u0105.<\/p>\n<p class=\"wrapper\" style=\"text-align: center;\"><a href=\"http:\/\/asipoland.pl\/?attachment_id=829\" rel=\"attachment wp-att-829\"><img decoding=\"async\" loading=\"lazy\" class=\"size-full wp-image-829 aligncenter\" style=\"border: 0px solid black;\" title=\"sala wykladowa\" src=\"http:\/\/asipoland.pl\/wp-content\/uploads\/2011\/11\/088kopia.jpg\" alt=\"sala wykladowa\" width=\"282\" height=\"176\" border=\"2\" srcset=\"https:\/\/asipoland.pl\/wp-content\/uploads\/2011\/11\/088kopia.jpg 538w, https:\/\/asipoland.pl\/wp-content\/uploads\/2011\/11\/088kopia-300x187.jpg 300w\" sizes=\"(max-width: 282px) 100vw, 282px\" \/><\/a><\/p>\n","protected":false},"excerpt":{"rendered":"<p>Advanced Solutions Institute Poland skupia zesp\u00f3\u0142 ludzi zwi\u0105zanych ze szkoleniami i doradztwem od ponad 10lat. Jeste\u015bmy ekspertami w wielu dziedzinach zar\u00f3wno w Polsce, jak i za granic\u0105. Pracujemy w gronie ludzi, kt\u00f3rzy prowadzili wsp\u00f3lnie z\u0142o\u017cone projekty w wielu Organizacjach. Na podstawie zdobytej wiedzy i do\u015bwiadcze\u0144 doradzamy naszym Klientom. Wsp\u00f3lnie budujemy rozwi\u0105zania, kt\u00f3re przyczyniaj\u0105 si\u0119 do<a href=\"https:\/\/asipoland.pl\/?page_id=2&amp;langswitch_lang=pl\" class=\"read-more\">Continue Reading<\/a><\/p>\n","protected":false},"author":7,"featured_media":184,"parent":0,"menu_order":0,"comment_status":"closed","ping_status":"closed","template":"","meta":[],"_links":{"self":[{"href":"https:\/\/asipoland.pl\/index.php?rest_route=\/wp\/v2\/pages\/2"}],"collection":[{"href":"https:\/\/asipoland.pl\/index.php?rest_route=\/wp\/v2\/pages"}],"about":[{"href":"https:\/\/asipoland.pl\/index.php?rest_route=\/wp\/v2\/types\/page"}],"author":[{"embeddable":true,"href":"https:\/\/asipoland.pl\/index.php?rest_route=\/wp\/v2\/users\/7"}],"replies":[{"embeddable":true,"href":"https:\/\/asipoland.pl\/index.php?rest_route=%2Fwp%2Fv2%2Fcomments&post=2"}],"version-history":[{"count":38,"href":"https:\/\/asipoland.pl\/index.php?rest_route=\/wp\/v2\/pages\/2\/revisions"}],"predecessor-version":[{"id":1177,"href":"https:\/\/asipoland.pl\/index.php?rest_route=\/wp\/v2\/pages\/2\/revisions\/1177"}],"wp:featuredmedia":[{"embeddable":true,"href":"https:\/\/asipoland.pl\/index.php?rest_route=\/wp\/v2\/media\/184"}],"wp:attachment":[{"href":"https:\/\/asipoland.pl\/index.php?rest_route=%2Fwp%2Fv2%2Fmedia&parent=2"}],"curies":[{"name":"wp","href":"https:\/\/api.w.org\/{rel}","templated":true}]}}